{"id":66,"date":"2025-12-12T14:20:54","date_gmt":"2025-12-12T14:20:54","guid":{"rendered":"https:\/\/betaelml.ee\/toode\/raadiojuhtimisega-kiirpaat\/"},"modified":"2025-12-12T14:20:54","modified_gmt":"2025-12-12T14:20:54","slug":"raadiojuhtimisega-kiirpaat","status":"publish","type":"product","link":"https:\/\/modelboat.ee\/et\/toode\/raadiojuhtimisega-kiirpaat\/","title":{"rendered":"Raadiojuhtimisega kiirpaat"},"content":{"rendered":"<p>Kiire ja v\u00f5imas raadiojuhtimisega paat, ideaalne v\u00f5istlusteks ja l\u00f5bus\u00f5itudeks.<\/p>\n","protected":false},"excerpt":{"rendered":"<p>Kiire ja v\u00f5imas raadiojuhtimisega paat, ideaalne v\u00f5istlusteks ja l\u00f5bus\u00f5itudeks.<\/p>\n","protected":false},"featured_media":0,"comment_status":"open","ping_status":"closed","template":"","meta":{"_EventAllDay":false,"_EventTimezone":"","_EventStartDate":"","_EventEndDate":"","_EventStartDateUTC":"","_EventEndDateUTC":"","_EventShowMap":false,"_EventShowMapLink":false,"_EventURL":"","_EventCost":"","_EventCostDescription":"","_EventCurrencySymbol":"","_EventCurrencyCode":"","_EventCurrencyPosition":"","_EventDateTimeSeparator":"","_EventTimeRangeSeparator":"","_EventOrganizerID":[],"_EventVenueID":[],"_OrganizerEmail":"","_OrganizerPhone":"","_OrganizerWebsite":"","_VenueAddress":"","_VenueCity":"","_VenueCountry":"","_VenueProvince":"","_VenueState":"","_VenueZip":"","_VenuePhone":"","_VenueURL":"","_VenueStateProvince":"","_VenueLat":"","_VenueLng":"","_VenueShowMap":false,"_VenueShowMapLink":false},"product_brand":[],"product_cat":[26],"product_tag":[],"class_list":{"0":"post-66","1":"product","2":"type-product","3":"status-publish","5":"product_cat-raadiojuhtimisega-mudelid","7":"first","8":"instock","9":"shipping-taxable","10":"purchasable","11":"product-type-simple"},"aioseo_notices":[],"_links":{"self":[{"href":"https:\/\/modelboat.ee\/et\/wp-json\/wp\/v2\/product\/66","targetHints":{"allow":["GET"]}}],"collection":[{"href":"https:\/\/modelboat.ee\/et\/wp-json\/wp\/v2\/product"}],"about":[{"href":"https:\/\/modelboat.ee\/et\/wp-json\/wp\/v2\/types\/product"}],"replies":[{"embeddable":true,"href":"https:\/\/modelboat.ee\/et\/wp-json\/wp\/v2\/comments?post=66"}],"wp:attachment":[{"href":"https:\/\/modelboat.ee\/et\/wp-json\/wp\/v2\/media?parent=66"}],"wp:term":[{"taxonomy":"product_brand","embeddable":true,"href":"https:\/\/modelboat.ee\/et\/wp-json\/wp\/v2\/product_brand?post=66"},{"taxonomy":"product_cat","embeddable":true,"href":"https:\/\/modelboat.ee\/et\/wp-json\/wp\/v2\/product_cat?post=66"},{"taxonomy":"product_tag","embeddable":true,"href":"https:\/\/modelboat.ee\/et\/wp-json\/wp\/v2\/product_tag?post=66"}],"curies":[{"name":"wp","href":"https:\/\/api.w.org\/{rel}","templated":true}]}}